{"id":98,"date":"2018-11-12T20:08:22","date_gmt":"2018-11-12T20:08:22","guid":{"rendered":"http:\/\/liceulhalanga.ro\/?page_id=98"},"modified":"2023-11-02T17:38:48","modified_gmt":"2023-11-02T17:38:48","slug":"cadre-didactice","status":"publish","type":"page","link":"https:\/\/liceulhalanga.ro\/index.php\/cadre-didactice\/","title":{"rendered":"Cadre didactice"},"content":{"rendered":"<p><a href=\"http:\/\/liceulhalanga.ro\/wp-content\/uploads\/2023\/06\/decl-avere-NICOLICIOIU-MIHAELA.pdf\">Declara\u0163ie de avere \u015fi interese &#8211; Nicolicioiu Mihaela<\/a><\/p>\n<p><a href=\"http:\/\/liceulhalanga.ro\/wp-content\/uploads\/2023\/06\/DECL-AVERE-CARTOI-ION.pdf\">Declara\u0163ie de avere \u015fi interese -C\u00e2r\u0163oi Ion<\/a><\/p>\n<p><strong>Cadre didactice:<\/strong><br \/>\nCorpul de cadre didactice este format din urm\u0103torii profesori:<\/p>\n<p>Director: Prof. Nicolicioiu Mihaela<br \/>\nDirector adjunct: Prof. C\u00e2r\u021boi Ion<br \/>\nContabil \u0218ef. Ec. Mircea Nicoleta<br \/>\n\u200b \u00a0 \u00a0Secretar \u0218ef: Martalogu Mihaela<br \/>\n<strong>\u2022 1.Catedra de limb\u0103 \u015fi comunicare:\u00a0<\/strong><br \/>\n&#8211; Limba \u0219i literatur\u0103 rom\u00e2n\u0103: Ionel Eugenia, S\u00eerbu Elena<br \/>\n&#8211; Limb\u0103 francez\u0103:-Motoi Violeta<br \/>\n&#8211; Limb\u0103 englez\u0103:-Berindei Mariana, R\u0103chinoiu Ancu\u021ba<br \/>\n<strong>\u2022 2.Catedra de matematic\u0103 \u015fi \u015ftiin\u0163e:\u00a0<\/strong><br \/>\n-Matematic\u0103:-Fluera\u015fu Gabriela, Tr\u0103ilescu Gogan Diana<br \/>\n-Fizic\u0103:- Nicolicioiu Mihaela, C\u00e2r\u021boi Ion<br \/>\n-Chimie:-Lungu Dorina<br \/>\n-Biologie:-P\u00e2ntea Elena<br \/>\n<strong>\u2022 3.Catedra om \u015fi societate:<\/strong><br \/>\n-Geografie: -Sandu Diana<br \/>\n-Istorie: -Lungu Aurora<\/p>\n<p>-Economie: -Neac\u015fu Robert<\/p>\n<p><strong>\u2022 4.Catedra tehnic\u0103:\u00a0<\/strong><br \/>\n-Informatic\u0103:-Pup\u0103z\u0103 Vasilica<br \/>\n-Protec\u021bia mediului: -Ionita Nicolita<br \/>\n-Inginer horticol:-Gae D\u0103nu\u0163<br \/>\n-Inginer mecanic: -Dun\u0103rin\u0163u Jenica<\/p>\n","protected":false},"excerpt":{"rendered":"<p>Declara\u0163ie de avere \u015fi interese &#8211; Nicolicioiu Mihaela Declara\u0163ie de avere \u015fi interese -C\u00e2r\u0163oi Ion Cadre didactice: Corpul de cadre didactice este format din urm\u0103torii profesori: Director: Prof. Nicolicioiu Mihaela Director adjunct: Prof. C\u00e2r\u021boi Ion Contabil \u0218ef. Ec. Mircea Nicoleta \u200b \u00a0 \u00a0Secretar \u0218ef: Martalogu Mihaela \u2022 1.Catedra de limb\u0103 \u015fi comunicare:\u00a0 &#8211; Limba \u0219i &hellip; <\/p>\n<p class=\"link-more\"><a href=\"https:\/\/liceulhalanga.ro\/index.php\/cadre-didactice\/\" class=\"more-link\">Continu\u0103 lectura<span class=\"screen-reader-text\"> \u201eCadre didactice\u201d<\/span><\/a><\/p>\n","protected":false},"author":1,"featured_media":87,"parent":0,"menu_order":0,"comment_status":"closed","ping_status":"closed","template":"","meta":{"footnotes":""},"class_list":["post-98","page","type-page","status-publish","has-post-thumbnail","hentry"],"_links":{"self":[{"href":"https:\/\/liceulhalanga.ro\/index.php\/wp-json\/wp\/v2\/pages\/98","targetHints":{"allow":["GET"]}}],"collection":[{"href":"https:\/\/liceulhalanga.ro\/index.php\/wp-json\/wp\/v2\/pages"}],"about":[{"href":"https:\/\/liceulhalanga.ro\/index.php\/wp-json\/wp\/v2\/types\/page"}],"author":[{"embeddable":true,"href":"https:\/\/liceulhalanga.ro\/index.php\/wp-json\/wp\/v2\/users\/1"}],"replies":[{"embeddable":true,"href":"https:\/\/liceulhalanga.ro\/index.php\/wp-json\/wp\/v2\/comments?post=98"}],"version-history":[{"count":10,"href":"https:\/\/liceulhalanga.ro\/index.php\/wp-json\/wp\/v2\/pages\/98\/revisions"}],"predecessor-version":[{"id":238,"href":"https:\/\/liceulhalanga.ro\/index.php\/wp-json\/wp\/v2\/pages\/98\/revisions\/238"}],"wp:featuredmedia":[{"embeddable":true,"href":"https:\/\/liceulhalanga.ro\/index.php\/wp-json\/wp\/v2\/media\/87"}],"wp:attachment":[{"href":"https:\/\/liceulhalanga.ro\/index.php\/wp-json\/wp\/v2\/media?parent=98"}],"curies":[{"name":"wp","href":"https:\/\/api.w.org\/{rel}","templated":true}]}}