{"id":36,"date":"2018-11-11T16:10:24","date_gmt":"2018-11-11T16:10:24","guid":{"rendered":"http:\/\/liceulhalanga.ro\/?page_id=36"},"modified":"2018-11-11T16:42:01","modified_gmt":"2018-11-11T16:42:01","slug":"proiectul-rose","status":"publish","type":"page","link":"https:\/\/liceulhalanga.ro\/index.php\/proiectul-rose\/","title":{"rendered":"Proiectul ROSE"},"content":{"rendered":"<p><strong>Proiectul privind \u00cenv\u0103\u021b\u0103m\u00e2ntul Secundar (ROSE)<\/strong><\/p>\n<p>Schema de Granturi pentru Licee<\/p>\n<p><strong>LICEUL TEHNOLOGIC HAL\u00ceNGA<\/strong><br \/>\n<strong>Beneficiar: Liceul Tehnologic Hal\u00eenga<\/strong><\/p>\n<p>Titlul subproiectului: <strong>\u201eInveste\u015fte \u00een tine!\u201d<\/strong><br \/>\n<strong>Acord de grant 483\/SGL\/RII\/ 01.10.2018<\/strong><strong>\u00a0\u00a0\u00a0\u00a0\u00a0\u00a0\u00a0\u00a0\u00a0\u00a0<\/strong><\/p>\n<p><strong>Obiectivul general al proiectului<\/strong> coincide cu \u0163inta nr. 5 din Partea III din PAS revizuit \u015fi aprobat \u00een CA din data 22.03.2017 respectiv<strong> \u201e\u00cembun\u0103t\u0103\u0163irea serviciilor educa\u0163ionale oferite de Liceul Tehnologic Hal\u00eenga prin activit\u0103\u0163i care vizez\u0103 reducerea abandonului \u015fcolar la nivelul unit\u0103\u0163ii de \u00eenv\u0103\u0163am\u00e2nt, cre\u015fterea ratei de absolvire \u015fi \u00eembun\u0103t\u0103\u0163irea rezultatelor la examenul de bacalaureat\u201d<\/strong>.<\/p>\n<p><strong>\u00a0<\/strong><strong>Obiectivele specifice ale proiectului:<\/strong><\/p>\n<p>O1- Implicarea pe parcursul celor 4 ani a unui num\u0103r de 100 elevi \u00een activit\u0103\u0163i de preg\u0103tire remedial\u0103, cu scopul de a acumula cuno\u015ftin\u0163e la disciplinele: Limba \u015fi literatura rom\u00e2n\u0103, Matematic\u0103, Biologie, Lb. francez\u0103, Lb. englez\u0103, TIC.<\/p>\n<p>O2- Implicarea pe parcursul celor 4 ani a unui num\u0103r de 100 elevi \u00een activit\u0103\u0163i de consiliere, de dezvoltare personal\u0103 \u015fi profesional\u0103, cu scopul cre\u015fterii \u00eencrederii \u015fi stimei de sine, de stabilire a pa\u015filor ce trebuie urma\u0163i pentru atingerea obiectivelor personale.<\/p>\n<p>O3- Participarea unui num\u0103r de 100 elevi pe parcursul celor 4 ani, la activit\u0103\u0163i extracurriculare diverse, \u00een scopul dezvolt\u0103rii competen\u0163elor tehnologice, socio-culturale.<\/p>\n<p>O4- Realizarea unor activit\u0103\u0163i de renovare \u015fi dotare pentru 3 clase \u00een care se vor desf\u0103\u015fura activit\u0103\u0163ile cu cei 100 elevi, care s\u0103 con\u021bin\u0103 aparatur\u0103 modern\u0103, \u00een primii 2 ani de proiect.<\/p>\n<p><strong>\u00a0<\/strong><strong>Beneficiari direc\u0163i<\/strong>:<\/p>\n<p>Estim\u0103m c\u0103 vom avea un grup de beneficiari direc\u0163i format din 100 de elevi \u00een anii 1, 2, 3 \u0219i 4 de implementare a proiectului.<\/p>\n<p><strong>Beneficiari indirec\u0163i: <\/strong><\/p>\n<p>P\u0103rin\u0163ii elevilor din grupul \u0163int\u0103; echipa managerial\u0103; comunitatea \u015fcolar\u0103 de la Liceul Tehnologic Hal\u00eenga, care va participa la implementarea\u00a0 activit\u0103\u021bilor sau va beneficia de rezultatele acestora (cadrele didactice, personalul didactic auxiliar, personalul nedidactic); reprezentan\u0163ii comunit\u0103\u0163ii locale prin agen\u0163ii economici \u015fi serviciile de asisten\u0163\u0103 social\u0103; elevii admi\u015fi la Liceul Tehnologic Hal\u00eenga, dup\u0103 \u00eencheierea perioadei de implementare a proiectului.<\/p>\n<p><strong>\u00a0<\/strong><strong>Activit\u0103\u0163ile principale propuse \u00een proiect:<\/strong><\/p>\n<p>1.Activit\u0103\u021bi pedagogice \u0219i de sprijin:<\/p>\n<p>I.1. Organizarea \u015fi desf\u0103\u015furarea programului\u00a0 de preg\u0103tire pentru examenul de bacalaureat;<\/p>\n<p>I.2. Activit\u0103\u021bi de sprijin;<\/p>\n<p>I.3. Activit\u0103\u021bi de consiliere \u015fi coaching pentru managementul carierei<\/p>\n<p>I.4. Activit\u0103\u021bi de educa\u0163ie nonformal\u0103 cu elevii;<\/p>\n<p>2.Activit\u0103\u0163i extracurriculare<\/p>\n<p>II.1. Cum s\u0103 ne alegem cariera (excursie);<\/p>\n<p>II.2. Incursiuni printre valorile cultural, literare \u015fi istorice rom\u00e2ne\u015fti (excursie);<\/p>\n<p>II.3. Vreau s\u0103 \u015ftiu;<\/p>\n<p>II.4. Educa\u0163ie prin crea\u0163ie;<\/p>\n<p>III. Activit\u0103\u0163i de renovare \u015fi dotare<\/p>\n<p><strong>\u00a0\u00a0\u00a0\u00a0\u00a0\u00a0\u00a0\u00a0\u00a0\u00a0\u00a0\u00a0\u00a0\u00a0\u00a0\u00a0\u00a0\u00a0\u00a0\u00a0\u00a0\u00a0\u00a0\u00a0\u00a0\u00a0\u00a0\u00a0\u00a0\u00a0\u00a0\u00a0\u00a0\u00a0\u00a0<\/strong><\/p>\n<p><a href=\"http:\/\/liceulhalanga.ro\/wp-content\/uploads\/2018\/11\/Anexa-6.2.1-Invitatie-de-participare_Bunuri-2018.11-banca.pdf\" target=\"_blank\" rel=\"noopener\">Anexa-6.2.1-Invitatie-de-participare_Bunuri-2018.11-banca<\/a><\/p>\n<p><a href=\"http:\/\/liceulhalanga.ro\/wp-content\/uploads\/2018\/11\/Anexa-6.2.1-Invitatie-de-participare_Bunuri-2018.11-scaun.pdf\" target=\"_blank\" rel=\"noopener\">Anexa-6.2.1-Invitatie-de-participare_Bunuri-2018.11-scaun<\/a><\/p>\n<p><a href=\"http:\/\/liceulhalanga.ro\/wp-content\/uploads\/2018\/11\/Anexa-6.2.1-Invitatie-de-participare_Bunuri-2018.11-USA.pdf\" target=\"_blank\" rel=\"noopener\">Anexa-6.2.1-Invitatie-de-participare_Bunuri-2018.11-USA<\/a><\/p>\n<p><a href=\"http:\/\/liceulhalanga.ro\/wp-content\/uploads\/2018\/11\/Anexa-6.2.1-Invitatie-de-participareIT.pdf\" target=\"_blank\" rel=\"noopener\">Anexa-6.2.1-Invitatie-de-participareIT<\/a><\/p>\n<p><a href=\"http:\/\/liceulhalanga.ro\/wp-content\/uploads\/2018\/11\/Anexa-6.2.1-Invitatie-de-participare-renovare-2018.11-Copie.pdf\" target=\"_blank\" rel=\"noopener\">Anexa-6.2.1-Invitatie-de-participare-renovare-2018.11<\/a><\/p>\n<p>&nbsp;<\/p>\n","protected":false},"excerpt":{"rendered":"<p>Proiectul privind \u00cenv\u0103\u021b\u0103m\u00e2ntul Secundar (ROSE) Schema de Granturi pentru Licee LICEUL TEHNOLOGIC HAL\u00ceNGA Beneficiar: Liceul Tehnologic Hal\u00eenga Titlul subproiectului: \u201eInveste\u015fte \u00een tine!\u201d Acord de grant 483\/SGL\/RII\/ 01.10.2018\u00a0\u00a0\u00a0\u00a0\u00a0\u00a0\u00a0\u00a0\u00a0\u00a0 Obiectivul general al proiectului coincide cu \u0163inta nr. 5 din Partea III din PAS revizuit \u015fi aprobat \u00een CA din data 22.03.2017 respectiv \u201e\u00cembun\u0103t\u0103\u0163irea serviciilor educa\u0163ionale oferite de &hellip; <\/p>\n<p class=\"link-more\"><a href=\"https:\/\/liceulhalanga.ro\/index.php\/proiectul-rose\/\" class=\"more-link\">Continu\u0103 lectura<span class=\"screen-reader-text\"> \u201eProiectul ROSE\u201d<\/span><\/a><\/p>\n","protected":false},"author":1,"featured_media":0,"parent":0,"menu_order":0,"comment_status":"closed","ping_status":"closed","template":"","meta":{"footnotes":""},"class_list":["post-36","page","type-page","status-publish","hentry"],"_links":{"self":[{"href":"https:\/\/liceulhalanga.ro\/index.php\/wp-json\/wp\/v2\/pages\/36","targetHints":{"allow":["GET"]}}],"collection":[{"href":"https:\/\/liceulhalanga.ro\/index.php\/wp-json\/wp\/v2\/pages"}],"about":[{"href":"https:\/\/liceulhalanga.ro\/index.php\/wp-json\/wp\/v2\/types\/page"}],"author":[{"embeddable":true,"href":"https:\/\/liceulhalanga.ro\/index.php\/wp-json\/wp\/v2\/users\/1"}],"replies":[{"embeddable":true,"href":"https:\/\/liceulhalanga.ro\/index.php\/wp-json\/wp\/v2\/comments?post=36"}],"version-history":[{"count":10,"href":"https:\/\/liceulhalanga.ro\/index.php\/wp-json\/wp\/v2\/pages\/36\/revisions"}],"predecessor-version":[{"id":58,"href":"https:\/\/liceulhalanga.ro\/index.php\/wp-json\/wp\/v2\/pages\/36\/revisions\/58"}],"wp:attachment":[{"href":"https:\/\/liceulhalanga.ro\/index.php\/wp-json\/wp\/v2\/media?parent=36"}],"curies":[{"name":"wp","href":"https:\/\/api.w.org\/{rel}","templated":true}]}}