{"id":114,"date":"2018-11-19T10:03:34","date_gmt":"2018-11-19T10:03:34","guid":{"rendered":"http:\/\/liceulhalanga.ro\/?page_id=114"},"modified":"2025-09-11T11:38:16","modified_gmt":"2025-09-11T11:38:16","slug":"noutati","status":"publish","type":"page","link":"https:\/\/liceulhalanga.ro\/index.php\/noutati\/","title":{"rendered":"Nout\u0103\u0163i"},"content":{"rendered":"<p><a href=\"http:\/\/liceulhalanga.ro\/wp-content\/uploads\/2022\/03\/diploma.pdf\" target=\"_blank\" rel=\"noopener\">Elevii \u0219colii noastre au celebrat nonviolen\u021ba, respectul reciproc, prietenia \u0219i fraternitatea prin participarea la Concursul de poezie \u201eCuvintele vindec\u0103\u201d, organizat de Twinkl Rom\u00e2nia.<\/a><\/p>\n<p><a href=\"http:\/\/liceulhalanga.ro\/wp-content\/uploads\/2019\/11\/02_OMEN_5108_2019_Calendar_cifra_de_scolarizare-1.pdf\" target=\"_blank\" rel=\"noopener\">02_OMEN_5108_2019_Calendar_cifra_de_scolarizare<\/a><\/p>\n<p><a href=\"http:\/\/liceulhalanga.ro\/wp-content\/uploads\/2019\/11\/03_Solicitare_operator_PROFESIONAL_2019.pdf\" target=\"_blank\" rel=\"noopener\">03_Solicitare_operator_PROFESIONAL_2019<\/a><\/p>\n<p><a href=\"http:\/\/liceulhalanga.ro\/wp-content\/uploads\/2019\/11\/05_PROFESIONAL_Operatori_economici_material_prezentare.pdf\" target=\"_blank\" rel=\"noopener\">05_PROFESIONAL_Operatori_economici_material_prezentare<\/a><\/p>\n<p><a href=\"http:\/\/liceulhalanga.ro\/wp-content\/uploads\/2020\/05\/Anunt-selectie-GT.pdf\" target=\"_blank\" rel=\"noopener\">Anun\u021b selec\u021bie candida\u021bi &#8211; ID PROIECT: POCU124981<\/a><\/p>\n<p><a href=\"https:\/\/www.edu.ro\/legisla%C8%9Bie-ordine-de-ministru\" target=\"_blank\" rel=\"noopener\">Ordinul nr. 3.237\/5.02.2021 privind aprobarea programelor pentru sus\u021binerea Evalu\u0103rii Na\u021bionale pentru absolven\u021bii clasei a VIII-a \u0219i pentru probele scrise ale examenului na\u021bional de bacalaureat, \u00een anul \u0219colar 2020 &#8211; 2021, cu anexele aferente.<\/a><\/p>\n<p><a href=\"http:\/\/liceulhalanga.ro\/wp-content\/uploads\/2021\/11\/PROCENT-VACCINARE-LA-12.11.2021.pdf\">Nr. persoane vaccinate \u00eempotriva COVID-19<\/a><\/p>\n<p><a href=\"http:\/\/liceulhalanga.ro\/wp-content\/uploads\/2023\/09\/Anunt-Administrator-II-S-Liceul-Tehnologic-Halanga.pdf\" target=\"_blank\" rel=\"noopener\">Anun\u0163 Administrator II- S- Liceul Tehnologic Hal\u00e2nga&nbsp;<\/a><\/p>\n<p><a href=\"http:\/\/liceulhalanga.ro\/wp-content\/uploads\/2023\/09\/Anunt-Muncitor-I-M-Liceul-Tehnologic-Halanga.pdf\" target=\"_blank\" rel=\"noopener\">Anun\u0163 Muncitor I-M-Liceul Tehnologic Hal\u00e2nga<\/a><\/p>\n<p><a href=\"http:\/\/liceulhalanga.ro\/wp-content\/uploads\/2023\/09\/Anunt-Ingrijitor-I-G-Liceul-Tehnologic-Halanga.pdf\" target=\"_blank\" rel=\"noopener\">Anun\u0163 \u00cengrijitor I-G-Liceul Tehnologic Hal\u00e2nga<\/a><\/p>\n<p><a href=\"http:\/\/liceulhalanga.ro\/wp-content\/uploads\/2023\/10\/selectie-dosare-posturi-vacante.pdf\" target=\"_blank\" rel=\"noopener\">Rezultate selec\u0163ie dosare -posturi vacante Liceul Tehnologic Hal\u00e2nga<\/a><\/p>\n<p><a href=\"http:\/\/liceulhalanga.ro\/wp-content\/uploads\/2023\/11\/ORAR-ACCES-TEREN-SPORT.pdf\" target=\"_blank\" rel=\"noopener\">Orar acces teren sport<\/a><\/p>\n\n\n<p><a href=\"http:\/\/liceulhalanga.ro\/wp-content\/uploads\/2024\/12\/SKM_C257i24121317101-scaled-e1734332647999.jpg\" data-type=\"URL\" data-id=\"http:\/\/liceulhalanga.ro\/wp-content\/uploads\/2024\/12\/SKM_C257i24121317101-scaled-e1734332647999.jpg\">Anun\u0163 \u00eenscriere bacalaureat 2025<\/a><\/p>\n\n\n\n<p><a href=\"http:\/\/liceulhalanga.ro\/wp-content\/uploads\/2025\/02\/Anunt-de-selectie_LT-Halanga-1.pdf\" data-type=\"URL\" data-id=\"http:\/\/liceulhalanga.ro\/wp-content\/uploads\/2025\/02\/Anunt-de-selectie_LT-Halanga-1.pdf\">Anun\u0163 selec\u0163ie &#8222;INVEST -Investe\u015fte \u00een Viitor &#8211; Educa\u0163ie, Stagii \u015fi Tehnologie&#8221; -SMIS 317874<\/a><\/p>\n\n\n\n<p><a href=\"http:\/\/liceulhalanga.ro\/wp-content\/uploads\/2025\/02\/Rezultatul-probei-eligibilitatii-administrative-si-PV.pdf\" data-type=\"URL\" data-id=\"http:\/\/liceulhalanga.ro\/wp-content\/uploads\/2025\/02\/Rezultatul-probei-eligibilitatii-administrative-si-PV.pdf\">Rezultatul probei eligibilit\u0103\u0163ii administrative &#8222;INVEST-Investe\u015fte \u00een Viitor -Educa\u0163ie, Stagii \u015fi Tehnologie&#8221; -SMIS 317874<\/a><\/p>\n\n\n\n<p><a href=\"http:\/\/liceulhalanga.ro\/wp-content\/uploads\/2025\/02\/Rezultatul-probei-de-evaluare-a-dosarelor-si-PV.pdf\" data-type=\"URL\" data-id=\"http:\/\/liceulhalanga.ro\/wp-content\/uploads\/2025\/02\/Rezultatul-probei-de-evaluare-a-dosarelor-si-PV.pdf\">Rezultatul probei de  evaluare a dosarelor &#8222;INVEST-Investe\u015fte \u00een Viitor -Educa\u0163ie, Stagii \u015fi Tehnologie&#8221; -SMIS 317874 <\/a><\/p>\n\n\n\n<p><a href=\"http:\/\/liceulhalanga.ro\/wp-content\/uploads\/2025\/02\/Rezultatul-probei-interviu.pdf\" data-type=\"URL\" data-id=\"http:\/\/liceulhalanga.ro\/wp-content\/uploads\/2025\/02\/Rezultatul-probei-interviu.pdf\">Rezultatul probei de interviu &#8222;INVEST-Investe\u015fte \u00een Viitor -Educa\u0163ie, Stagii \u015fi Tehnologie&#8221; -SMIS 317874<\/a><\/p>\n\n\n\n<p><a href=\"http:\/\/liceulhalanga.ro\/wp-content\/uploads\/2025\/02\/Rezultate-finale.pdf\" data-type=\"URL\" data-id=\"http:\/\/liceulhalanga.ro\/wp-content\/uploads\/2025\/02\/Rezultate-finale.pdf\">Rezultate finale &#8222;INVEST-Investe\u015fte \u00een Viitor -Educa\u0163ie, Stagii \u015fi Tehnologie&#8221; -SMIS 317874<\/a><\/p>\n\n\n\n<p><a href=\"http:\/\/liceulhalanga.ro\/wp-content\/uploads\/2025\/03\/ROFUI-2024-2025-LTH.pdf\" data-type=\"URL\" data-id=\"http:\/\/liceulhalanga.ro\/wp-content\/uploads\/2025\/03\/ROFUI-2024-2025-LTH.pdf\">ROFUI 2024-2025 LT Hal\u00e2nga<\/a><\/p>\n\n\n\n<p><a href=\"http:\/\/liceulhalanga.ro\/wp-content\/uploads\/2025\/05\/CCI_000037-scaled-e1748503816811.jpg\" data-type=\"URL\" data-id=\"http:\/\/liceulhalanga.ro\/wp-content\/uploads\/2025\/05\/CCI_000037-scaled-e1748503816811.jpg\">Anun\u0163 program \u00eenscriere examen bacalaureat -sesiunea iunie 2025<\/a><\/p>\n\n\n\n<p><a href=\"http:\/\/liceulhalanga.ro\/wp-content\/uploads\/2025\/05\/CCI_000036-scaled-e1748503776558.jpg\" data-type=\"URL\" data-id=\"http:\/\/liceulhalanga.ro\/wp-content\/uploads\/2025\/05\/CCI_000036-scaled-e1748503776558.jpg\">Anun\u0163 sus\u0163inere examen bacalaureat -sesiunea iunie 2025<\/a><\/p>\n\n\n\n<p><a rel=\"noreferrer noopener\" href=\"http:\/\/liceulhalanga.ro\/wp-content\/uploads\/2025\/09\/Anunt-de-ocupare-a-posturilor-didacice-catedrelor-vacante.pdf\" data-type=\"URL\" data-id=\"http:\/\/liceulhalanga.ro\/wp-content\/uploads\/2025\/09\/Anunt-de-ocupare-a-posturilor-didacice-catedrelor-vacante.pdf\" target=\"_blank\">Anun\u0163 de ocupare a posturilor didactice\/catedrelor vacante \u00een unitatea \u015fcolar\u0103<\/a><\/p>\n\n\n\n<p><a href=\"http:\/\/liceulhalanga.ro\/wp-content\/uploads\/2025\/09\/Calendar-de-desfasurare-a-Concursului-de-ocupare-a-posturilor-didactice-catedrelor-vacante.pdf\" data-type=\"URL\" data-id=\"http:\/\/liceulhalanga.ro\/wp-content\/uploads\/2025\/09\/Calendar-de-desfasurare-a-Concursului-de-ocupare-a-posturilor-didactice-catedrelor-vacante.pdf\" target=\"_blank\" rel=\"noreferrer noopener\">Calendar de desf\u0103\u015furare a Concursului de ocupare a posturilor didactice\/catedrelor vacante \u00een unitatea \u015fcolar\u0103<\/a><\/p>\n","protected":false},"excerpt":{"rendered":"<p>Elevii \u0219colii noastre au celebrat nonviolen\u021ba, respectul reciproc, prietenia \u0219i fraternitatea prin participarea la Concursul de poezie \u201eCuvintele vindec\u0103\u201d, organizat de Twinkl Rom\u00e2nia. 02_OMEN_5108_2019_Calendar_cifra_de_scolarizare 03_Solicitare_operator_PROFESIONAL_2019 05_PROFESIONAL_Operatori_economici_material_prezentare Anun\u021b selec\u021bie candida\u021bi &#8211; ID PROIECT: POCU124981 Ordinul nr. 3.237\/5.02.2021 privind aprobarea programelor pentru sus\u021binerea Evalu\u0103rii Na\u021bionale pentru absolven\u021bii clasei a VIII-a \u0219i pentru probele scrise ale examenului na\u021bional &hellip; <\/p>\n<p class=\"link-more\"><a href=\"https:\/\/liceulhalanga.ro\/index.php\/noutati\/\" class=\"more-link\">Continu\u0103 lectura<span class=\"screen-reader-text\"> \u201eNout\u0103\u0163i\u201d<\/span><\/a><\/p>\n","protected":false},"author":1,"featured_media":0,"parent":0,"menu_order":0,"comment_status":"closed","ping_status":"closed","template":"","meta":{"footnotes":""},"class_list":["post-114","page","type-page","status-publish","hentry"],"_links":{"self":[{"href":"https:\/\/liceulhalanga.ro\/index.php\/wp-json\/wp\/v2\/pages\/114","targetHints":{"allow":["GET"]}}],"collection":[{"href":"https:\/\/liceulhalanga.ro\/index.php\/wp-json\/wp\/v2\/pages"}],"about":[{"href":"https:\/\/liceulhalanga.ro\/index.php\/wp-json\/wp\/v2\/types\/page"}],"author":[{"embeddable":true,"href":"https:\/\/liceulhalanga.ro\/index.php\/wp-json\/wp\/v2\/users\/1"}],"replies":[{"embeddable":true,"href":"https:\/\/liceulhalanga.ro\/index.php\/wp-json\/wp\/v2\/comments?post=114"}],"version-history":[{"count":58,"href":"https:\/\/liceulhalanga.ro\/index.php\/wp-json\/wp\/v2\/pages\/114\/revisions"}],"predecessor-version":[{"id":410,"href":"https:\/\/liceulhalanga.ro\/index.php\/wp-json\/wp\/v2\/pages\/114\/revisions\/410"}],"wp:attachment":[{"href":"https:\/\/liceulhalanga.ro\/index.php\/wp-json\/wp\/v2\/media?parent=114"}],"curies":[{"name":"wp","href":"https:\/\/api.w.org\/{rel}","templated":true}]}}